{"id":966,"date":"2020-12-01T17:42:43","date_gmt":"2020-12-01T20:42:43","guid":{"rendered":"https:\/\/carmomaq.com.br\/videos\/"},"modified":"2023-07-12T17:29:28","modified_gmt":"2023-07-12T20:29:28","slug":"videos","status":"publish","type":"page","link":"https:\/\/carmomaq.com.br\/es\/videos\/","title":{"rendered":"Videos"},"content":{"rendered":"\t\t<div data-elementor-type=\"wp-page\" data-elementor-id=\"966\" class=\"elementor elementor-966 elementor-761\" data-elementor-post-type=\"page\">\n\t\t\t\t\t\t<section class=\"has_eae_slider elementor-section elementor-top-section elementor-element elementor-element-8859274 elementor-section-stretched elementor-section-boxed elementor-section-height-default elementor-section-height-default\" data-id=\"8859274\" data-element_type=\"section\" data-settings=\"{&quot;stretch_section&quot;:&quot;section-stretched&quot;,&quot;background_background&quot;:&quot;classic&quot;,&quot;jet_parallax_layout_list&quot;:[]}\">\n\t\t\t\t\t\t<div class=\"elementor-container elementor-column-gap-default\">\n\t\t\t\t\t<div class=\"has_eae_slider elementor-column elementor-col-100 elementor-top-column elementor-element elementor-element-5a7c7e5\" data-id=\"5a7c7e5\" data-element_type=\"column\">\n\t\t\t<div class=\"elementor-widget-wrap elementor-element-populated\">\n\t\t\t\t\t\t<div class=\"elementor-element elementor-element-5f7404a elementor-widget elementor-widget-heading\" data-id=\"5f7404a\" data-element_type=\"widget\" data-widget_type=\"heading.default\">\n\t\t\t\t<div class=\"elementor-widget-container\">\n\t\t\t<style>\/*! elementor - v3.23.0 - 15-07-2024 *\/\n.elementor-heading-title{padding:0;margin:0;line-height:1}.elementor-widget-heading .elementor-heading-title[class*=elementor-size-]>a{color:inherit;font-size:inherit;line-height:inherit}.elementor-widget-heading .elementor-heading-title.elementor-size-small{font-size:15px}.elementor-widget-heading .elementor-heading-title.elementor-size-medium{font-size:19px}.elementor-widget-heading .elementor-heading-title.elementor-size-large{font-size:29px}.elementor-widget-heading .elementor-heading-title.elementor-size-xl{font-size:39px}.elementor-widget-heading .elementor-heading-title.elementor-size-xxl{font-size:59px}<\/style><h2 class=\"elementor-heading-title elementor-size-default\">Videos<\/h2>\t\t<\/div>\n\t\t\t\t<\/div>\n\t\t\t\t<div class=\"elementor-element elementor-element-bd6658c elementor-grid-3 elementor-grid-tablet-2 elementor-grid-mobile-1 pp-video-gallery-content-below-video elementor-widget elementor-widget-pp-video-gallery\" data-id=\"bd6658c\" data-element_type=\"widget\" data-settings=\"{&quot;layout&quot;:&quot;grid&quot;,&quot;columns_gap&quot;:{&quot;unit&quot;:&quot;px&quot;,&quot;size&quot;:20,&quot;sizes&quot;:[]},&quot;columns_gap_tablet&quot;:{&quot;unit&quot;:&quot;px&quot;,&quot;size&quot;:&quot;&quot;,&quot;sizes&quot;:[]},&quot;columns_gap_mobile&quot;:{&quot;unit&quot;:&quot;px&quot;,&quot;size&quot;:&quot;&quot;,&quot;sizes&quot;:[]}}\" data-widget_type=\"pp-video-gallery.default\">\n\t\t\t\t<div class=\"elementor-widget-container\">\n\t\t\t\t\t<div class=\"pp-video-gallery-container pp-video-gallery-grid\">\n\t\t\t<div class=\"pp-video-gallery-wrap\">\n\t\t\t\t\t\t\t\t<div class=\"pp-video-gallery elementor-grid\" data-action=\"inline\">\n\t\t\t\t\t\t\t\t\t\t\t\t\t\t<div class=\"pp-grid-item-wrap elementor-grid-item filter-\">\n\t\t\t\t\t\t\t\t\t\t<div class=\"pp-video-container\">\n\t\t\t\t\t\t<div class=\"pp-video-play\" data-src=\"https:\/\/www.youtube.com\/embed\/v2bOx0jCp9I?feature=oembed&amp;autoplay=1&amp;wmode=opaque&amp;mute=0\" href=\"https:\/\/www.youtube.com\/embed\/v2bOx0jCp9I?feature=oembed&amp;autoplay=1&amp;wmode=opaque&amp;mute=0\">\n\t\t\t\t\t\t\t<div class=\"pp-media-overlay pp-video-overlay\"><\/div>\t\t\t\t\t\t\t<div class=\"pp-video-player\">\n\t\t\t\t\t\t\t\t\n\t\t\t\t\t\t\t\t\t\t\t\t\t\t\t\t\t\t\t\t\t\t\t\t\t\t\t<img decoding=\"async\" class=\"pp-video-thumb\" src=\"https:\/\/i.ytimg.com\/vi\/v2bOx0jCp9I\/maxresdefault.jpg\" alt=\"\">\n\t\t\t\t\t\t\t\t\t\t\t\t<span class=\"pp-video-play-icon pp-icon\">\n\t\t\t\t<svg aria-hidden=\"true\" class=\"e-font-icon-svg e-fas-play-circle\" viewBox=\"0 0 512 512\" xmlns=\"http:\/\/www.w3.org\/2000\/svg\"><path d=\"M256 8C119 8 8 119 8 256s111 248 248 248 248-111 248-248S393 8 256 8zm115.7 272l-176 101c-15.8 8.8-35.7-2.5-35.7-21V152c0-18.4 19.8-29.8 35.7-21l176 107c16.4 9.2 16.4 32.9 0 42z\"><\/path><\/svg>\t\t\t<\/span>\n\t\t\t\t\t\t\t\t\t\t<\/div>\n\t\t\t\t\t\t<\/div>\n\t\t\t\t\t<\/div>\n\t\t\t\t\t\t\t\t<\/div>\n\t\t\t\t\t\t<div class=\"pp-grid-item-wrap elementor-grid-item filter-\">\n\t\t\t\t\t\t\t\t\t\t<div class=\"pp-video-container\">\n\t\t\t\t\t\t<div class=\"pp-video-play\" data-src=\"https:\/\/www.youtube.com\/embed\/63UDEDhfpnk?feature=oembed&amp;autoplay=1&amp;wmode=opaque&amp;mute=0\" href=\"https:\/\/www.youtube.com\/embed\/63UDEDhfpnk?feature=oembed&amp;autoplay=1&amp;wmode=opaque&amp;mute=0\">\n\t\t\t\t\t\t\t<div class=\"pp-media-overlay pp-video-overlay\"><\/div>\t\t\t\t\t\t\t<div class=\"pp-video-player\">\n\t\t\t\t\t\t\t\t\n\t\t\t\t\t\t\t\t\t\t\t\t\t\t\t\t\t\t\t\t\t\t\t\t\t\t\t<img decoding=\"async\" class=\"pp-video-thumb\" src=\"https:\/\/i.ytimg.com\/vi\/63UDEDhfpnk\/maxresdefault.jpg\" alt=\"\">\n\t\t\t\t\t\t\t\t\t\t\t\t<span class=\"pp-video-play-icon pp-icon\">\n\t\t\t\t<svg aria-hidden=\"true\" class=\"e-font-icon-svg e-fas-play-circle\" viewBox=\"0 0 512 512\" xmlns=\"http:\/\/www.w3.org\/2000\/svg\"><path d=\"M256 8C119 8 8 119 8 256s111 248 248 248 248-111 248-248S393 8 256 8zm115.7 272l-176 101c-15.8 8.8-35.7-2.5-35.7-21V152c0-18.4 19.8-29.8 35.7-21l176 107c16.4 9.2 16.4 32.9 0 42z\"><\/path><\/svg>\t\t\t<\/span>\n\t\t\t\t\t\t\t\t\t\t<\/div>\n\t\t\t\t\t\t<\/div>\n\t\t\t\t\t<\/div>\n\t\t\t\t\t\t\t\t<\/div>\n\t\t\t\t\t\t<div class=\"pp-grid-item-wrap elementor-grid-item filter-\">\n\t\t\t\t\t\t\t\t\t\t<div class=\"pp-video-container\">\n\t\t\t\t\t\t<div class=\"pp-video-play\" data-src=\"https:\/\/www.youtube.com\/embed\/3X9scbPkAV4?feature=oembed&amp;autoplay=1&amp;wmode=opaque&amp;mute=0\" href=\"https:\/\/www.youtube.com\/embed\/3X9scbPkAV4?feature=oembed&amp;autoplay=1&amp;wmode=opaque&amp;mute=0\">\n\t\t\t\t\t\t\t<div class=\"pp-media-overlay pp-video-overlay\"><\/div>\t\t\t\t\t\t\t<div class=\"pp-video-player\">\n\t\t\t\t\t\t\t\t\n\t\t\t\t\t\t\t\t\t\t\t\t\t\t\t\t\t\t\t\t\t\t\t\t\t\t\t<img decoding=\"async\" class=\"pp-video-thumb\" src=\"https:\/\/i.ytimg.com\/vi\/3X9scbPkAV4\/maxresdefault.jpg\" alt=\"\">\n\t\t\t\t\t\t\t\t\t\t\t\t<span class=\"pp-video-play-icon pp-icon\">\n\t\t\t\t<svg aria-hidden=\"true\" class=\"e-font-icon-svg e-fas-play-circle\" viewBox=\"0 0 512 512\" xmlns=\"http:\/\/www.w3.org\/2000\/svg\"><path d=\"M256 8C119 8 8 119 8 256s111 248 248 248 248-111 248-248S393 8 256 8zm115.7 272l-176 101c-15.8 8.8-35.7-2.5-35.7-21V152c0-18.4 19.8-29.8 35.7-21l176 107c16.4 9.2 16.4 32.9 0 42z\"><\/path><\/svg>\t\t\t<\/span>\n\t\t\t\t\t\t\t\t\t\t<\/div>\n\t\t\t\t\t\t<\/div>\n\t\t\t\t\t<\/div>\n\t\t\t\t\t\t\t\t<\/div>\n\t\t\t\t\t\t<div class=\"pp-grid-item-wrap elementor-grid-item filter-\">\n\t\t\t\t\t\t\t\t\t\t<div class=\"pp-video-container\">\n\t\t\t\t\t\t<div class=\"pp-video-play\" data-src=\"https:\/\/www.youtube.com\/embed\/WtfHXQ3PMGo?feature=oembed&amp;autoplay=1&amp;wmode=opaque&amp;mute=0\" href=\"https:\/\/www.youtube.com\/embed\/WtfHXQ3PMGo?feature=oembed&amp;autoplay=1&amp;wmode=opaque&amp;mute=0\">\n\t\t\t\t\t\t\t<div class=\"pp-media-overlay pp-video-overlay\"><\/div>\t\t\t\t\t\t\t<div class=\"pp-video-player\">\n\t\t\t\t\t\t\t\t\n\t\t\t\t\t\t\t\t\t\t\t\t\t\t\t\t\t\t\t\t\t\t\t\t\t\t\t<img decoding=\"async\" class=\"pp-video-thumb\" src=\"https:\/\/i.ytimg.com\/vi\/WtfHXQ3PMGo\/maxresdefault.jpg\" alt=\"\">\n\t\t\t\t\t\t\t\t\t\t\t\t<span class=\"pp-video-play-icon pp-icon\">\n\t\t\t\t<svg aria-hidden=\"true\" class=\"e-font-icon-svg e-fas-play-circle\" viewBox=\"0 0 512 512\" xmlns=\"http:\/\/www.w3.org\/2000\/svg\"><path d=\"M256 8C119 8 8 119 8 256s111 248 248 248 248-111 248-248S393 8 256 8zm115.7 272l-176 101c-15.8 8.8-35.7-2.5-35.7-21V152c0-18.4 19.8-29.8 35.7-21l176 107c16.4 9.2 16.4 32.9 0 42z\"><\/path><\/svg>\t\t\t<\/span>\n\t\t\t\t\t\t\t\t\t\t<\/div>\n\t\t\t\t\t\t<\/div>\n\t\t\t\t\t<\/div>\n\t\t\t\t\t\t\t\t<\/div>\n\t\t\t\t\t\t<div class=\"pp-grid-item-wrap elementor-grid-item filter-\">\n\t\t\t\t\t\t\t\t\t\t<div class=\"pp-video-container\">\n\t\t\t\t\t\t<div class=\"pp-video-play\" data-src=\"https:\/\/www.youtube.com\/embed\/UTLGmhCbuD0?feature=oembed&amp;autoplay=1&amp;wmode=opaque&amp;mute=0\" href=\"https:\/\/www.youtube.com\/embed\/UTLGmhCbuD0?feature=oembed&amp;autoplay=1&amp;wmode=opaque&amp;mute=0\">\n\t\t\t\t\t\t\t<div class=\"pp-media-overlay pp-video-overlay\"><\/div>\t\t\t\t\t\t\t<div class=\"pp-video-player\">\n\t\t\t\t\t\t\t\t\n\t\t\t\t\t\t\t\t\t\t\t\t\t\t\t\t\t\t\t\t\t\t\t\t\t\t\t<img decoding=\"async\" class=\"pp-video-thumb\" src=\"https:\/\/i.ytimg.com\/vi\/UTLGmhCbuD0\/maxresdefault.jpg\" alt=\"\">\n\t\t\t\t\t\t\t\t\t\t\t\t<span class=\"pp-video-play-icon pp-icon\">\n\t\t\t\t<svg aria-hidden=\"true\" class=\"e-font-icon-svg e-fas-play-circle\" viewBox=\"0 0 512 512\" xmlns=\"http:\/\/www.w3.org\/2000\/svg\"><path d=\"M256 8C119 8 8 119 8 256s111 248 248 248 248-111 248-248S393 8 256 8zm115.7 272l-176 101c-15.8 8.8-35.7-2.5-35.7-21V152c0-18.4 19.8-29.8 35.7-21l176 107c16.4 9.2 16.4 32.9 0 42z\"><\/path><\/svg>\t\t\t<\/span>\n\t\t\t\t\t\t\t\t\t\t<\/div>\n\t\t\t\t\t\t<\/div>\n\t\t\t\t\t<\/div>\n\t\t\t\t\t\t\t\t<\/div>\n\t\t\t\t\t\t<div class=\"pp-grid-item-wrap elementor-grid-item filter-\">\n\t\t\t\t\t\t\t\t\t\t<div class=\"pp-video-container\">\n\t\t\t\t\t\t<div class=\"pp-video-play\" data-src=\"https:\/\/www.youtube.com\/embed\/FZjbMJ6APlE?feature=oembed&amp;autoplay=1&amp;wmode=opaque&amp;mute=0\" href=\"https:\/\/www.youtube.com\/embed\/FZjbMJ6APlE?feature=oembed&amp;autoplay=1&amp;wmode=opaque&amp;mute=0\">\n\t\t\t\t\t\t\t<div class=\"pp-media-overlay pp-video-overlay\"><\/div>\t\t\t\t\t\t\t<div class=\"pp-video-player\">\n\t\t\t\t\t\t\t\t\n\t\t\t\t\t\t\t\t\t\t\t\t\t\t\t\t\t\t\t\t\t\t\t\t\t\t\t<img decoding=\"async\" class=\"pp-video-thumb\" src=\"https:\/\/i.ytimg.com\/vi\/FZjbMJ6APlE\/maxresdefault.jpg\" alt=\"\">\n\t\t\t\t\t\t\t\t\t\t\t\t<span class=\"pp-video-play-icon pp-icon\">\n\t\t\t\t<svg aria-hidden=\"true\" class=\"e-font-icon-svg e-fas-play-circle\" viewBox=\"0 0 512 512\" xmlns=\"http:\/\/www.w3.org\/2000\/svg\"><path d=\"M256 8C119 8 8 119 8 256s111 248 248 248 248-111 248-248S393 8 256 8zm115.7 272l-176 101c-15.8 8.8-35.7-2.5-35.7-21V152c0-18.4 19.8-29.8 35.7-21l176 107c16.4 9.2 16.4 32.9 0 42z\"><\/path><\/svg>\t\t\t<\/span>\n\t\t\t\t\t\t\t\t\t\t<\/div>\n\t\t\t\t\t\t<\/div>\n\t\t\t\t\t<\/div>\n\t\t\t\t\t\t\t\t<\/div>\n\t\t\t\t\t\t<div class=\"pp-grid-item-wrap elementor-grid-item filter-\">\n\t\t\t\t\t\t\t\t\t\t<div class=\"pp-video-container\">\n\t\t\t\t\t\t<div class=\"pp-video-play\" data-src=\"https:\/\/www.youtube.com\/embed\/lPbsDQl1AvQ?feature=oembed&amp;autoplay=1&amp;wmode=opaque&amp;mute=0\" href=\"https:\/\/www.youtube.com\/embed\/lPbsDQl1AvQ?feature=oembed&amp;autoplay=1&amp;wmode=opaque&amp;mute=0\">\n\t\t\t\t\t\t\t<div class=\"pp-media-overlay pp-video-overlay\"><\/div>\t\t\t\t\t\t\t<div class=\"pp-video-player\">\n\t\t\t\t\t\t\t\t\n\t\t\t\t\t\t\t\t\t\t\t\t\t\t\t\t\t\t\t\t\t\t\t\t\t\t\t<img decoding=\"async\" class=\"pp-video-thumb\" src=\"https:\/\/i.ytimg.com\/vi\/lPbsDQl1AvQ\/maxresdefault.jpg\" alt=\"\">\n\t\t\t\t\t\t\t\t\t\t\t\t<span class=\"pp-video-play-icon pp-icon\">\n\t\t\t\t<svg aria-hidden=\"true\" class=\"e-font-icon-svg e-fas-play-circle\" viewBox=\"0 0 512 512\" xmlns=\"http:\/\/www.w3.org\/2000\/svg\"><path d=\"M256 8C119 8 8 119 8 256s111 248 248 248 248-111 248-248S393 8 256 8zm115.7 272l-176 101c-15.8 8.8-35.7-2.5-35.7-21V152c0-18.4 19.8-29.8 35.7-21l176 107c16.4 9.2 16.4 32.9 0 42z\"><\/path><\/svg>\t\t\t<\/span>\n\t\t\t\t\t\t\t\t\t\t<\/div>\n\t\t\t\t\t\t<\/div>\n\t\t\t\t\t<\/div>\n\t\t\t\t\t\t\t\t<\/div>\n\t\t\t\t\t\t<div class=\"pp-grid-item-wrap elementor-grid-item filter-\">\n\t\t\t\t\t\t\t\t\t\t<div class=\"pp-video-container\">\n\t\t\t\t\t\t<div class=\"pp-video-play\" data-src=\"https:\/\/www.youtube.com\/embed\/HfI9yqpmKrY?feature=oembed&amp;autoplay=1&amp;wmode=opaque&amp;mute=0\" href=\"https:\/\/www.youtube.com\/embed\/HfI9yqpmKrY?feature=oembed&amp;autoplay=1&amp;wmode=opaque&amp;mute=0\">\n\t\t\t\t\t\t\t<div class=\"pp-media-overlay pp-video-overlay\"><\/div>\t\t\t\t\t\t\t<div class=\"pp-video-player\">\n\t\t\t\t\t\t\t\t\n\t\t\t\t\t\t\t\t\t\t\t\t\t\t\t\t\t\t\t\t\t\t\t\t\t\t\t<img decoding=\"async\" class=\"pp-video-thumb\" src=\"https:\/\/i.ytimg.com\/vi\/HfI9yqpmKrY\/maxresdefault.jpg\" alt=\"\">\n\t\t\t\t\t\t\t\t\t\t\t\t<span class=\"pp-video-play-icon pp-icon\">\n\t\t\t\t<svg aria-hidden=\"true\" class=\"e-font-icon-svg e-fas-play-circle\" viewBox=\"0 0 512 512\" xmlns=\"http:\/\/www.w3.org\/2000\/svg\"><path d=\"M256 8C119 8 8 119 8 256s111 248 248 248 248-111 248-248S393 8 256 8zm115.7 272l-176 101c-15.8 8.8-35.7-2.5-35.7-21V152c0-18.4 19.8-29.8 35.7-21l176 107c16.4 9.2 16.4 32.9 0 42z\"><\/path><\/svg>\t\t\t<\/span>\n\t\t\t\t\t\t\t\t\t\t<\/div>\n\t\t\t\t\t\t<\/div>\n\t\t\t\t\t<\/div>\n\t\t\t\t\t\t\t\t<\/div>\n\t\t\t\t\t\t<div class=\"pp-grid-item-wrap elementor-grid-item filter-\">\n\t\t\t\t\t\t\t\t\t\t<div class=\"pp-video-container\">\n\t\t\t\t\t\t<div class=\"pp-video-play\" data-src=\"https:\/\/www.youtube.com\/embed\/4JFhv4jXXIo?feature=oembed&amp;autoplay=1&amp;wmode=opaque&amp;mute=0\" href=\"https:\/\/www.youtube.com\/embed\/4JFhv4jXXIo?feature=oembed&amp;autoplay=1&amp;wmode=opaque&amp;mute=0\">\n\t\t\t\t\t\t\t<div class=\"pp-media-overlay pp-video-overlay\"><\/div>\t\t\t\t\t\t\t<div class=\"pp-video-player\">\n\t\t\t\t\t\t\t\t\n\t\t\t\t\t\t\t\t\t\t\t\t\t\t\t\t\t\t\t\t\t\t\t\t\t\t\t<img decoding=\"async\" class=\"pp-video-thumb\" src=\"https:\/\/i.ytimg.com\/vi\/4JFhv4jXXIo\/maxresdefault.jpg\" alt=\"\">\n\t\t\t\t\t\t\t\t\t\t\t\t<span class=\"pp-video-play-icon pp-icon\">\n\t\t\t\t<svg aria-hidden=\"true\" class=\"e-font-icon-svg e-fas-play-circle\" viewBox=\"0 0 512 512\" xmlns=\"http:\/\/www.w3.org\/2000\/svg\"><path d=\"M256 8C119 8 8 119 8 256s111 248 248 248 248-111 248-248S393 8 256 8zm115.7 272l-176 101c-15.8 8.8-35.7-2.5-35.7-21V152c0-18.4 19.8-29.8 35.7-21l176 107c16.4 9.2 16.4 32.9 0 42z\"><\/path><\/svg>\t\t\t<\/span>\n\t\t\t\t\t\t\t\t\t\t<\/div>\n\t\t\t\t\t\t<\/div>\n\t\t\t\t\t<\/div>\n\t\t\t\t\t\t\t\t<\/div>\n\t\t\t\t\t\t\t\t\t\t\t\t<\/div>\n\t\t\t\t\t\t\t<\/div>\n\t\t<\/div>\n\t\t\t\t<\/div>\n\t\t\t\t<\/div>\n\t\t\t\t<div class=\"elementor-element elementor-element-c9b1799 elementor-align-center elementor-mobile-align-center elementor-widget elementor-widget-button\" data-id=\"c9b1799\" data-element_type=\"widget\" data-widget_type=\"button.default\">\n\t\t\t\t<div class=\"elementor-widget-container\">\n\t\t\t\t\t<div class=\"elementor-button-wrapper\">\n\t\t\t<a class=\"elementor-button elementor-button-link elementor-size-sm\" href=\"https:\/\/www.youtube.com\/carmomaq\" target=\"_blank\" id=\"load-more\">\n\t\t\t\t\t\t<span class=\"elementor-button-content-wrapper\">\n\t\t\t\t\t\t\t\t\t<span class=\"elementor-button-text\">M\u00e1s Videos<\/span>\n\t\t\t\t\t<\/span>\n\t\t\t\t\t<\/a>\n\t\t<\/div>\n\t\t\t\t<\/div>\n\t\t\t\t<\/div>\n\t\t\t\t\t<\/div>\n\t\t<\/div>\n\t\t\t\t\t<\/div>\n\t\t<\/section>\n\t\t\t\t<\/div>\n\t\t","protected":false},"excerpt":{"rendered":"<p>Videos M\u00e1s Videos<\/p>\n","protected":false},"author":1,"featured_media":0,"parent":0,"menu_order":0,"comment_status":"closed","ping_status":"closed","template":"elementor_header_footer","meta":{"footnotes":""},"yoast_head":"<!-- This site is optimized with the Yoast SEO plugin v21.8 - https:\/\/yoast.com\/wordpress\/plugins\/seo\/ -->\n<title>Videos - Carmomaq<\/title>\n<meta name=\"robots\" content=\"index, follow, max-snippet:-1, max-image-preview:large, max-video-preview:-1\" \/>\n<link rel=\"canonical\" href=\"https:\/\/carmomaq.com.br\/es\/videos\/\" \/>\n<meta property=\"og:locale\" content=\"es_ES\" \/>\n<meta property=\"og:type\" content=\"article\" \/>\n<meta property=\"og:title\" content=\"Videos - Carmomaq\" \/>\n<meta property=\"og:description\" content=\"Videos M\u00e1s Videos\" \/>\n<meta property=\"og:url\" content=\"https:\/\/carmomaq.com.br\/es\/videos\/\" \/>\n<meta property=\"og:site_name\" content=\"Carmomaq\" \/>\n<meta property=\"article:publisher\" content=\"https:\/\/www.facebook.com\/carmomaq\" \/>\n<meta property=\"article:modified_time\" content=\"2023-07-12T20:29:28+00:00\" \/>\n<meta property=\"og:image\" content=\"https:\/\/i.ytimg.com\/vi\/v2bOx0jCp9I\/maxresdefault.jpg\" \/>\n<meta name=\"twitter:card\" content=\"summary_large_image\" \/>\n<meta name=\"twitter:label1\" content=\"Tiempo de lectura\" \/>\n\t<meta name=\"twitter:data1\" content=\"2 minutos\" \/>\n<script type=\"application\/ld+json\" class=\"yoast-schema-graph\">{\"@context\":\"https:\/\/schema.org\",\"@graph\":[{\"@type\":\"WebPage\",\"@id\":\"https:\/\/carmomaq.com.br\/es\/videos\/\",\"url\":\"https:\/\/carmomaq.com.br\/es\/videos\/\",\"name\":\"Videos - Carmomaq\",\"isPartOf\":{\"@id\":\"https:\/\/carmomaq.com.br\/#website\"},\"datePublished\":\"2020-12-01T20:42:43+00:00\",\"dateModified\":\"2023-07-12T20:29:28+00:00\",\"breadcrumb\":{\"@id\":\"https:\/\/carmomaq.com.br\/es\/videos\/#breadcrumb\"},\"inLanguage\":\"es\",\"potentialAction\":[{\"@type\":\"ReadAction\",\"target\":[\"https:\/\/carmomaq.com.br\/es\/videos\/\"]}]},{\"@type\":\"BreadcrumbList\",\"@id\":\"https:\/\/carmomaq.com.br\/es\/videos\/#breadcrumb\",\"itemListElement\":[{\"@type\":\"ListItem\",\"position\":1,\"name\":\"Home\",\"item\":\"https:\/\/carmomaq.com.br\/es\/\"},{\"@type\":\"ListItem\",\"position\":2,\"name\":\"Videos\"}]},{\"@type\":\"WebSite\",\"@id\":\"https:\/\/carmomaq.com.br\/#website\",\"url\":\"https:\/\/carmomaq.com.br\/\",\"name\":\"Carmomaq - Torradores de caf\u00e9\",\"description\":\"Encontre o torrador ideal agora. Inova\u00e7\u00e3o e qualidade em um s\u00f3 nome. Compre Agora. Saiba Mais. Pe\u00e7a Or\u00e7amento. Descubra Mais. Experimente J\u00e1.\",\"publisher\":{\"@id\":\"https:\/\/carmomaq.com.br\/#organization\"},\"alternateName\":\"Carmomaq - Torradores\",\"potentialAction\":[{\"@type\":\"SearchAction\",\"target\":{\"@type\":\"EntryPoint\",\"urlTemplate\":\"https:\/\/carmomaq.com.br\/?s={search_term_string}\"},\"query-input\":\"required name=search_term_string\"}],\"inLanguage\":\"es\"},{\"@type\":\"Organization\",\"@id\":\"https:\/\/carmomaq.com.br\/#organization\",\"name\":\"Carmomaq - Torradores de caf\u00e9\",\"url\":\"https:\/\/carmomaq.com.br\/\",\"logo\":{\"@type\":\"ImageObject\",\"inLanguage\":\"es\",\"@id\":\"https:\/\/carmomaq.com.br\/#\/schema\/logo\/image\/\",\"url\":\"https:\/\/carmomaq.com.br\/wp-content\/uploads\/2020\/09\/logo-carmomaq-01.svg\",\"contentUrl\":\"https:\/\/carmomaq.com.br\/wp-content\/uploads\/2020\/09\/logo-carmomaq-01.svg\",\"caption\":\"Carmomaq - Torradores de caf\u00e9\"},\"image\":{\"@id\":\"https:\/\/carmomaq.com.br\/#\/schema\/logo\/image\/\"},\"sameAs\":[\"https:\/\/www.facebook.com\/carmomaq\",\"https:\/\/www.instagram.com\/carmomaq\/\"]}]}<\/script>\n<!-- \/ Yoast SEO plugin. -->","yoast_head_json":{"title":"Videos - Carmomaq","robots":{"index":"index","follow":"follow","max-snippet":"max-snippet:-1","max-image-preview":"max-image-preview:large","max-video-preview":"max-video-preview:-1"},"canonical":"https:\/\/carmomaq.com.br\/es\/videos\/","og_locale":"es_ES","og_type":"article","og_title":"Videos - Carmomaq","og_description":"Videos M\u00e1s Videos","og_url":"https:\/\/carmomaq.com.br\/es\/videos\/","og_site_name":"Carmomaq","article_publisher":"https:\/\/www.facebook.com\/carmomaq","article_modified_time":"2023-07-12T20:29:28+00:00","og_image":[{"url":"https:\/\/i.ytimg.com\/vi\/v2bOx0jCp9I\/maxresdefault.jpg"}],"twitter_card":"summary_large_image","twitter_misc":{"Tiempo de lectura":"2 minutos"},"schema":{"@context":"https:\/\/schema.org","@graph":[{"@type":"WebPage","@id":"https:\/\/carmomaq.com.br\/es\/videos\/","url":"https:\/\/carmomaq.com.br\/es\/videos\/","name":"Videos - Carmomaq","isPartOf":{"@id":"https:\/\/carmomaq.com.br\/#website"},"datePublished":"2020-12-01T20:42:43+00:00","dateModified":"2023-07-12T20:29:28+00:00","breadcrumb":{"@id":"https:\/\/carmomaq.com.br\/es\/videos\/#breadcrumb"},"inLanguage":"es","potentialAction":[{"@type":"ReadAction","target":["https:\/\/carmomaq.com.br\/es\/videos\/"]}]},{"@type":"BreadcrumbList","@id":"https:\/\/carmomaq.com.br\/es\/videos\/#breadcrumb","itemListElement":[{"@type":"ListItem","position":1,"name":"Home","item":"https:\/\/carmomaq.com.br\/es\/"},{"@type":"ListItem","position":2,"name":"Videos"}]},{"@type":"WebSite","@id":"https:\/\/carmomaq.com.br\/#website","url":"https:\/\/carmomaq.com.br\/","name":"Carmomaq - Torradores de caf\u00e9","description":"Encontre o torrador ideal agora. Inova\u00e7\u00e3o e qualidade em um s\u00f3 nome. Compre Agora. Saiba Mais. Pe\u00e7a Or\u00e7amento. Descubra Mais. Experimente J\u00e1.","publisher":{"@id":"https:\/\/carmomaq.com.br\/#organization"},"alternateName":"Carmomaq - Torradores","potentialAction":[{"@type":"SearchAction","target":{"@type":"EntryPoint","urlTemplate":"https:\/\/carmomaq.com.br\/?s={search_term_string}"},"query-input":"required name=search_term_string"}],"inLanguage":"es"},{"@type":"Organization","@id":"https:\/\/carmomaq.com.br\/#organization","name":"Carmomaq - Torradores de caf\u00e9","url":"https:\/\/carmomaq.com.br\/","logo":{"@type":"ImageObject","inLanguage":"es","@id":"https:\/\/carmomaq.com.br\/#\/schema\/logo\/image\/","url":"https:\/\/carmomaq.com.br\/wp-content\/uploads\/2020\/09\/logo-carmomaq-01.svg","contentUrl":"https:\/\/carmomaq.com.br\/wp-content\/uploads\/2020\/09\/logo-carmomaq-01.svg","caption":"Carmomaq - Torradores de caf\u00e9"},"image":{"@id":"https:\/\/carmomaq.com.br\/#\/schema\/logo\/image\/"},"sameAs":["https:\/\/www.facebook.com\/carmomaq","https:\/\/www.instagram.com\/carmomaq\/"]}]}},"_links":{"self":[{"href":"https:\/\/carmomaq.com.br\/es\/wp-json\/wp\/v2\/pages\/966"}],"collection":[{"href":"https:\/\/carmomaq.com.br\/es\/wp-json\/wp\/v2\/pages"}],"about":[{"href":"https:\/\/carmomaq.com.br\/es\/wp-json\/wp\/v2\/types\/page"}],"author":[{"embeddable":true,"href":"https:\/\/carmomaq.com.br\/es\/wp-json\/wp\/v2\/users\/1"}],"replies":[{"embeddable":true,"href":"https:\/\/carmomaq.com.br\/es\/wp-json\/wp\/v2\/comments?post=966"}],"version-history":[{"count":0,"href":"https:\/\/carmomaq.com.br\/es\/wp-json\/wp\/v2\/pages\/966\/revisions"}],"wp:attachment":[{"href":"https:\/\/carmomaq.com.br\/es\/wp-json\/wp\/v2\/media?parent=966"}],"curies":[{"name":"wp","href":"https:\/\/api.w.org\/{rel}","templated":true}]}}