{"id":3265,"date":"2024-01-19T15:44:10","date_gmt":"2024-01-19T18:44:10","guid":{"rendered":"https:\/\/carmomaq.com.br\/blog\/"},"modified":"2024-01-25T07:37:25","modified_gmt":"2024-01-25T10:37:25","slug":"blog","status":"publish","type":"page","link":"https:\/\/carmomaq.com.br\/es\/blog\/","title":{"rendered":"blog"},"content":{"rendered":"\t\t<div data-elementor-type=\"wp-page\" data-elementor-id=\"3265\" class=\"elementor elementor-3265 elementor-3195\" data-elementor-post-type=\"page\">\n\t\t\t\t\t\t<section class=\"has_eae_slider elementor-section elementor-top-section elementor-element elementor-element-b9789a6 elementor-section-boxed elementor-section-height-default elementor-section-height-default\" data-id=\"b9789a6\" data-element_type=\"section\" data-settings=\"{&quot;jet_parallax_layout_list&quot;:[]}\">\n\t\t\t\t\t\t<div class=\"elementor-container elementor-column-gap-default\">\n\t\t\t\t\t<div class=\"has_eae_slider elementor-column elementor-col-100 elementor-top-column elementor-element elementor-element-6c508b6\" data-id=\"6c508b6\" data-element_type=\"column\">\n\t\t\t<div class=\"elementor-widget-wrap elementor-element-populated\">\n\t\t\t\t\t\t<div class=\"elementor-element elementor-element-69c1987 elementor-widget elementor-widget-heading\" data-id=\"69c1987\" data-element_type=\"widget\" data-widget_type=\"heading.default\">\n\t\t\t\t<div class=\"elementor-widget-container\">\n\t\t\t<style>\/*! elementor - v3.23.0 - 15-07-2024 *\/\n.elementor-heading-title{padding:0;margin:0;line-height:1}.elementor-widget-heading .elementor-heading-title[class*=elementor-size-]>a{color:inherit;font-size:inherit;line-height:inherit}.elementor-widget-heading .elementor-heading-title.elementor-size-small{font-size:15px}.elementor-widget-heading .elementor-heading-title.elementor-size-medium{font-size:19px}.elementor-widget-heading .elementor-heading-title.elementor-size-large{font-size:29px}.elementor-widget-heading .elementor-heading-title.elementor-size-xl{font-size:39px}.elementor-widget-heading .elementor-heading-title.elementor-size-xxl{font-size:59px}<\/style><h2 class=\"elementor-heading-title elementor-size-default\">\u00daltimas publicaciones.<\/h2>\t\t<\/div>\n\t\t\t\t<\/div>\n\t\t\t\t\t<\/div>\n\t\t<\/div>\n\t\t\t\t\t<\/div>\n\t\t<\/section>\n\t\t\t\t<section class=\"has_eae_slider elementor-section elementor-top-section elementor-element elementor-element-23a138c elementor-section-boxed elementor-section-height-default elementor-section-height-default\" data-id=\"23a138c\" data-element_type=\"section\" data-settings=\"{&quot;jet_parallax_layout_list&quot;:[]}\">\n\t\t\t\t\t\t<div class=\"elementor-container elementor-column-gap-default\">\n\t\t\t\t\t<div class=\"has_eae_slider elementor-column elementor-col-100 elementor-top-column elementor-element elementor-element-fb2c14b\" data-id=\"fb2c14b\" data-element_type=\"column\">\n\t\t\t<div class=\"elementor-widget-wrap elementor-element-populated\">\n\t\t\t\t\t\t\t<\/div>\n\t\t<\/div>\n\t\t\t\t\t<\/div>\n\t\t<\/section>\n\t\t\t\t<\/div>\n\t\t","protected":false},"excerpt":{"rendered":"<p>\u00daltimas publicaciones.<\/p>\n","protected":false},"author":1,"featured_media":0,"parent":0,"menu_order":0,"comment_status":"closed","ping_status":"closed","template":"elementor_header_footer","meta":{"footnotes":""},"yoast_head":"<!-- This site is optimized with the Yoast SEO plugin v21.8 - https:\/\/yoast.com\/wordpress\/plugins\/seo\/ -->\n<title>blog - Carmomaq<\/title>\n<meta name=\"robots\" content=\"index, follow, max-snippet:-1, max-image-preview:large, max-video-preview:-1\" \/>\n<link rel=\"canonical\" href=\"https:\/\/carmomaq.com.br\/blog\/\" \/>\n<meta property=\"og:locale\" content=\"es_ES\" \/>\n<meta property=\"og:type\" content=\"article\" \/>\n<meta property=\"og:title\" content=\"blog - Carmomaq\" \/>\n<meta property=\"og:description\" content=\"\u00daltimas publicaciones.\" \/>\n<meta property=\"og:url\" content=\"https:\/\/carmomaq.com.br\/blog\/\" \/>\n<meta property=\"og:site_name\" content=\"Carmomaq\" \/>\n<meta property=\"article:publisher\" content=\"https:\/\/www.facebook.com\/carmomaq\" \/>\n<meta property=\"article:modified_time\" content=\"2024-01-25T10:37:25+00:00\" \/>\n<meta name=\"twitter:card\" content=\"summary_large_image\" \/>\n<script type=\"application\/ld+json\" class=\"yoast-schema-graph\">{\"@context\":\"https:\/\/schema.org\",\"@graph\":[{\"@type\":\"WebPage\",\"@id\":\"https:\/\/carmomaq.com.br\/blog\/\",\"url\":\"https:\/\/carmomaq.com.br\/blog\/\",\"name\":\"blog - Carmomaq\",\"isPartOf\":{\"@id\":\"https:\/\/carmomaq.com.br\/#website\"},\"datePublished\":\"2024-01-19T18:44:10+00:00\",\"dateModified\":\"2024-01-25T10:37:25+00:00\",\"breadcrumb\":{\"@id\":\"https:\/\/carmomaq.com.br\/blog\/#breadcrumb\"},\"inLanguage\":\"es\",\"potentialAction\":[{\"@type\":\"ReadAction\",\"target\":[\"https:\/\/carmomaq.com.br\/blog\/\"]}]},{\"@type\":\"BreadcrumbList\",\"@id\":\"https:\/\/carmomaq.com.br\/blog\/#breadcrumb\",\"itemListElement\":[{\"@type\":\"ListItem\",\"position\":1,\"name\":\"Home\",\"item\":\"https:\/\/carmomaq.com.br\/es\/\"},{\"@type\":\"ListItem\",\"position\":2,\"name\":\"blog\"}]},{\"@type\":\"WebSite\",\"@id\":\"https:\/\/carmomaq.com.br\/#website\",\"url\":\"https:\/\/carmomaq.com.br\/\",\"name\":\"Carmomaq - Torradores de caf\u00e9\",\"description\":\"Encontre o torrador ideal agora. Inova\u00e7\u00e3o e qualidade em um s\u00f3 nome. Compre Agora. Saiba Mais. Pe\u00e7a Or\u00e7amento. Descubra Mais. Experimente J\u00e1.\",\"publisher\":{\"@id\":\"https:\/\/carmomaq.com.br\/#organization\"},\"alternateName\":\"Carmomaq - Torradores\",\"potentialAction\":[{\"@type\":\"SearchAction\",\"target\":{\"@type\":\"EntryPoint\",\"urlTemplate\":\"https:\/\/carmomaq.com.br\/?s={search_term_string}\"},\"query-input\":\"required name=search_term_string\"}],\"inLanguage\":\"es\"},{\"@type\":\"Organization\",\"@id\":\"https:\/\/carmomaq.com.br\/#organization\",\"name\":\"Carmomaq - Torradores de caf\u00e9\",\"url\":\"https:\/\/carmomaq.com.br\/\",\"logo\":{\"@type\":\"ImageObject\",\"inLanguage\":\"es\",\"@id\":\"https:\/\/carmomaq.com.br\/#\/schema\/logo\/image\/\",\"url\":\"https:\/\/carmomaq.com.br\/wp-content\/uploads\/2020\/09\/logo-carmomaq-01.svg\",\"contentUrl\":\"https:\/\/carmomaq.com.br\/wp-content\/uploads\/2020\/09\/logo-carmomaq-01.svg\",\"caption\":\"Carmomaq - Torradores de caf\u00e9\"},\"image\":{\"@id\":\"https:\/\/carmomaq.com.br\/#\/schema\/logo\/image\/\"},\"sameAs\":[\"https:\/\/www.facebook.com\/carmomaq\",\"https:\/\/www.instagram.com\/carmomaq\/\"]}]}<\/script>\n<!-- \/ Yoast SEO plugin. -->","yoast_head_json":{"title":"blog - Carmomaq","robots":{"index":"index","follow":"follow","max-snippet":"max-snippet:-1","max-image-preview":"max-image-preview:large","max-video-preview":"max-video-preview:-1"},"canonical":"https:\/\/carmomaq.com.br\/blog\/","og_locale":"es_ES","og_type":"article","og_title":"blog - Carmomaq","og_description":"\u00daltimas publicaciones.","og_url":"https:\/\/carmomaq.com.br\/blog\/","og_site_name":"Carmomaq","article_publisher":"https:\/\/www.facebook.com\/carmomaq","article_modified_time":"2024-01-25T10:37:25+00:00","twitter_card":"summary_large_image","schema":{"@context":"https:\/\/schema.org","@graph":[{"@type":"WebPage","@id":"https:\/\/carmomaq.com.br\/blog\/","url":"https:\/\/carmomaq.com.br\/blog\/","name":"blog - Carmomaq","isPartOf":{"@id":"https:\/\/carmomaq.com.br\/#website"},"datePublished":"2024-01-19T18:44:10+00:00","dateModified":"2024-01-25T10:37:25+00:00","breadcrumb":{"@id":"https:\/\/carmomaq.com.br\/blog\/#breadcrumb"},"inLanguage":"es","potentialAction":[{"@type":"ReadAction","target":["https:\/\/carmomaq.com.br\/blog\/"]}]},{"@type":"BreadcrumbList","@id":"https:\/\/carmomaq.com.br\/blog\/#breadcrumb","itemListElement":[{"@type":"ListItem","position":1,"name":"Home","item":"https:\/\/carmomaq.com.br\/es\/"},{"@type":"ListItem","position":2,"name":"blog"}]},{"@type":"WebSite","@id":"https:\/\/carmomaq.com.br\/#website","url":"https:\/\/carmomaq.com.br\/","name":"Carmomaq - Torradores de caf\u00e9","description":"Encontre o torrador ideal agora. Inova\u00e7\u00e3o e qualidade em um s\u00f3 nome. Compre Agora. Saiba Mais. Pe\u00e7a Or\u00e7amento. Descubra Mais. Experimente J\u00e1.","publisher":{"@id":"https:\/\/carmomaq.com.br\/#organization"},"alternateName":"Carmomaq - Torradores","potentialAction":[{"@type":"SearchAction","target":{"@type":"EntryPoint","urlTemplate":"https:\/\/carmomaq.com.br\/?s={search_term_string}"},"query-input":"required name=search_term_string"}],"inLanguage":"es"},{"@type":"Organization","@id":"https:\/\/carmomaq.com.br\/#organization","name":"Carmomaq - Torradores de caf\u00e9","url":"https:\/\/carmomaq.com.br\/","logo":{"@type":"ImageObject","inLanguage":"es","@id":"https:\/\/carmomaq.com.br\/#\/schema\/logo\/image\/","url":"https:\/\/carmomaq.com.br\/wp-content\/uploads\/2020\/09\/logo-carmomaq-01.svg","contentUrl":"https:\/\/carmomaq.com.br\/wp-content\/uploads\/2020\/09\/logo-carmomaq-01.svg","caption":"Carmomaq - Torradores de caf\u00e9"},"image":{"@id":"https:\/\/carmomaq.com.br\/#\/schema\/logo\/image\/"},"sameAs":["https:\/\/www.facebook.com\/carmomaq","https:\/\/www.instagram.com\/carmomaq\/"]}]}},"_links":{"self":[{"href":"https:\/\/carmomaq.com.br\/es\/wp-json\/wp\/v2\/pages\/3265"}],"collection":[{"href":"https:\/\/carmomaq.com.br\/es\/wp-json\/wp\/v2\/pages"}],"about":[{"href":"https:\/\/carmomaq.com.br\/es\/wp-json\/wp\/v2\/types\/page"}],"author":[{"embeddable":true,"href":"https:\/\/carmomaq.com.br\/es\/wp-json\/wp\/v2\/users\/1"}],"replies":[{"embeddable":true,"href":"https:\/\/carmomaq.com.br\/es\/wp-json\/wp\/v2\/comments?post=3265"}],"version-history":[{"count":1,"href":"https:\/\/carmomaq.com.br\/es\/wp-json\/wp\/v2\/pages\/3265\/revisions"}],"predecessor-version":[{"id":3266,"href":"https:\/\/carmomaq.com.br\/es\/wp-json\/wp\/v2\/pages\/3265\/revisions\/3266"}],"wp:attachment":[{"href":"https:\/\/carmomaq.com.br\/es\/wp-json\/wp\/v2\/media?parent=3265"}],"curies":[{"name":"wp","href":"https:\/\/api.w.org\/{rel}","templated":true}]}}