{"id":1036,"date":"2020-12-01T11:57:11","date_gmt":"2020-12-01T14:57:11","guid":{"rendered":"https:\/\/carmomaq.com.br\/linea-atto\/"},"modified":"2023-07-12T16:14:43","modified_gmt":"2023-07-12T19:14:43","slug":"linea-atto","status":"publish","type":"page","link":"https:\/\/carmomaq.com.br\/es\/linea-atto\/","title":{"rendered":"L\u00ednea ATTO"},"content":{"rendered":"\t\t<div data-elementor-type=\"wp-page\" data-elementor-id=\"1036\" class=\"elementor elementor-1036 elementor-701\" data-elementor-post-type=\"page\">\n\t\t\t\t\t\t<section class=\"has_eae_slider elementor-section elementor-top-section elementor-element elementor-element-f180dd1 elementor-section-stretched elementor-section-boxed elementor-section-height-default elementor-section-height-default\" data-id=\"f180dd1\" data-element_type=\"section\" data-settings=\"{&quot;stretch_section&quot;:&quot;section-stretched&quot;,&quot;jet_parallax_layout_list&quot;:[]}\">\n\t\t\t\t\t\t<div class=\"elementor-container elementor-column-gap-default\">\n\t\t\t\t\t<div class=\"has_eae_slider elementor-column elementor-col-100 elementor-top-column elementor-element elementor-element-be2321c\" data-id=\"be2321c\" data-element_type=\"column\">\n\t\t\t<div class=\"elementor-widget-wrap elementor-element-populated\">\n\t\t\t\t\t\t<div class=\"elementor-element elementor-element-577eaa8 elementor-widget elementor-widget-jet-listing-grid\" data-id=\"577eaa8\" data-element_type=\"widget\" data-settings=\"{&quot;columns&quot;:&quot;4&quot;,&quot;columns_tablet&quot;:&quot;3&quot;,&quot;columns_mobile&quot;:&quot;1&quot;}\" data-widget_type=\"jet-listing-grid.default\">\n\t\t\t\t<div class=\"elementor-widget-container\">\n\t\t\t<div class=\"jet-listing-grid jet-listing\"><div class=\"jet-listing-grid__items grid-col-desk-4 grid-col-tablet-3 grid-col-mobile-1 jet-listing-grid--679\" data-queried-id=\"1036|WP_Post\" data-nav=\"{&quot;enabled&quot;:false,&quot;type&quot;:null,&quot;more_el&quot;:null,&quot;query&quot;:[],&quot;widget_settings&quot;:{&quot;lisitng_id&quot;:679,&quot;posts_num&quot;:99,&quot;columns&quot;:4,&quot;columns_tablet&quot;:3,&quot;columns_mobile&quot;:1,&quot;is_archive_template&quot;:&quot;&quot;,&quot;post_status&quot;:[&quot;publish&quot;],&quot;use_random_posts_num&quot;:&quot;&quot;,&quot;max_posts_num&quot;:9,&quot;not_found_message&quot;:&quot;No se encontraron datos&quot;,&quot;is_masonry&quot;:false,&quot;equal_columns_height&quot;:&quot;&quot;,&quot;use_load_more&quot;:&quot;&quot;,&quot;load_more_id&quot;:&quot;&quot;,&quot;load_more_type&quot;:&quot;click&quot;,&quot;load_more_offset&quot;:{&quot;unit&quot;:&quot;px&quot;,&quot;size&quot;:0,&quot;sizes&quot;:[]},&quot;use_custom_post_types&quot;:&quot;&quot;,&quot;custom_post_types&quot;:[],&quot;hide_widget_if&quot;:&quot;&quot;,&quot;carousel_enabled&quot;:&quot;&quot;,&quot;slides_to_scroll&quot;:&quot;1&quot;,&quot;arrows&quot;:&quot;true&quot;,&quot;arrow_icon&quot;:&quot;fa fa-angle-left&quot;,&quot;dots&quot;:&quot;&quot;,&quot;autoplay&quot;:&quot;true&quot;,&quot;pause_on_hover&quot;:&quot;true&quot;,&quot;autoplay_speed&quot;:5000,&quot;infinite&quot;:&quot;true&quot;,&quot;center_mode&quot;:&quot;&quot;,&quot;effect&quot;:&quot;slide&quot;,&quot;speed&quot;:500,&quot;inject_alternative_items&quot;:&quot;&quot;,&quot;injection_items&quot;:[],&quot;scroll_slider_enabled&quot;:&quot;&quot;,&quot;scroll_slider_on&quot;:[&quot;desktop&quot;,&quot;tablet&quot;,&quot;mobile&quot;],&quot;custom_query&quot;:false,&quot;custom_query_id&quot;:&quot;&quot;,&quot;_element_id&quot;:&quot;&quot;}}\" data-page=\"1\" data-pages=\"1\" data-listing-source=\"terms\" data-listing-id=\"679\" data-query-id=\"\"><div class=\"jet-listing-grid__item jet-listing-dynamic-post-71\" data-post-id=\"71\" >\t\t<div data-elementor-type=\"jet-listing-items\" data-elementor-id=\"1050\" class=\"elementor elementor-1050 elementor-679\" data-elementor-post-type=\"jet-engine\">\n\t\t\t\t\t\t<section class=\"has_eae_slider elementor-section elementor-top-section elementor-element elementor-element-f0600b8 elementor-section-boxed elementor-section-height-default elementor-section-height-default\" data-id=\"f0600b8\" data-element_type=\"section\" data-settings=\"{&quot;jet_parallax_layout_list&quot;:[]}\">\n\t\t\t\t\t\t<div class=\"elementor-container elementor-column-gap-default\">\n\t\t\t\t\t<div class=\"has_eae_slider elementor-column elementor-col-100 elementor-top-column elementor-element elementor-element-3400ef4\" data-id=\"3400ef4\" data-element_type=\"column\">\n\t\t\t<div class=\"elementor-widget-wrap elementor-element-populated\">\n\t\t\t\t\t\t<div class=\"elementor-element elementor-element-e3a8296 elementor-widget elementor-widget-image\" data-id=\"e3a8296\" data-element_type=\"widget\" data-widget_type=\"image.default\">\n\t\t\t\t<div class=\"elementor-widget-container\">\n\t\t\t<style>\/*! elementor - v3.23.0 - 15-07-2024 *\/\n.elementor-widget-image{text-align:center}.elementor-widget-image a{display:inline-block}.elementor-widget-image a img[src$=\".svg\"]{width:48px}.elementor-widget-image img{vertical-align:middle;display:inline-block}<\/style>\t\t\t\t\t\t\t\t\t\t\t<a href=\"\/es\/produtos\/torrador-stratto\/\">\n\t\t\t\t\t\t\t<img decoding=\"async\" src=\"https:\/\/carmomaq.com.br\/wp-content\/uploads\/elementor\/thumbs\/stratto-dtq-pyjh7mulv4f08bhj1z41c3zpfilb33xpmwlf7viu1s.jpg\" title=\"stratto-dtq\" alt=\"stratto-dtq\" loading=\"lazy\" \/>\t\t\t\t\t\t\t\t<\/a>\n\t\t\t\t\t\t\t\t\t\t\t\t\t<\/div>\n\t\t\t\t<\/div>\n\t\t\t\t\t<\/div>\n\t\t<\/div>\n\t\t\t\t\t<\/div>\n\t\t<\/section>\n\t\t\t\t<\/div>\n\t\t<\/div><div class=\"jet-listing-grid__item jet-listing-dynamic-post-101\" data-post-id=\"101\" >\t\t<div data-elementor-type=\"jet-listing-items\" data-elementor-id=\"1050\" class=\"elementor elementor-1050 elementor-679\" data-elementor-post-type=\"jet-engine\">\n\t\t\t\t\t\t<section class=\"has_eae_slider elementor-section elementor-top-section elementor-element elementor-element-f0600b8 elementor-section-boxed elementor-section-height-default elementor-section-height-default\" data-id=\"f0600b8\" data-element_type=\"section\" data-settings=\"{&quot;jet_parallax_layout_list&quot;:[]}\">\n\t\t\t\t\t\t<div class=\"elementor-container elementor-column-gap-default\">\n\t\t\t\t\t<div class=\"has_eae_slider elementor-column elementor-col-100 elementor-top-column elementor-element elementor-element-3400ef4\" data-id=\"3400ef4\" data-element_type=\"column\">\n\t\t\t<div class=\"elementor-widget-wrap elementor-element-populated\">\n\t\t\t\t\t\t<div class=\"elementor-element elementor-element-e3a8296 elementor-widget elementor-widget-image\" data-id=\"e3a8296\" data-element_type=\"widget\" data-widget_type=\"image.default\">\n\t\t\t\t<div class=\"elementor-widget-container\">\n\t\t\t\t\t\t\t\t\t\t\t\t\t\t<a href=\"https:\/\/carmomaq.com.br\/es\/produtos\/tostador-stratto-lab\/\">\n\t\t\t\t\t\t\t<img decoding=\"async\" src=\"https:\/\/carmomaq.com.br\/wp-content\/uploads\/elementor\/thumbs\/FOTO-DESTAQUE-SITE-qyg4kda3x0htbadbxbxjuddt5iis2nkd92tw0lxvog.jpg\" title=\"FOTO DESTAQUE SITE\" alt=\"FOTO DESTAQUE SITE\" loading=\"lazy\" \/>\t\t\t\t\t\t\t\t<\/a>\n\t\t\t\t\t\t\t\t\t\t\t\t\t<\/div>\n\t\t\t\t<\/div>\n\t\t\t\t\t<\/div>\n\t\t<\/div>\n\t\t\t\t\t<\/div>\n\t\t<\/section>\n\t\t\t\t<\/div>\n\t\t<\/div><div class=\"jet-listing-grid__item jet-listing-dynamic-post-65\" data-post-id=\"65\" >\t\t<div data-elementor-type=\"jet-listing-items\" data-elementor-id=\"1050\" class=\"elementor elementor-1050 elementor-679\" data-elementor-post-type=\"jet-engine\">\n\t\t\t\t\t\t<section class=\"has_eae_slider elementor-section elementor-top-section elementor-element elementor-element-f0600b8 elementor-section-boxed elementor-section-height-default elementor-section-height-default\" data-id=\"f0600b8\" data-element_type=\"section\" data-settings=\"{&quot;jet_parallax_layout_list&quot;:[]}\">\n\t\t\t\t\t\t<div class=\"elementor-container elementor-column-gap-default\">\n\t\t\t\t\t<div class=\"has_eae_slider elementor-column elementor-col-100 elementor-top-column elementor-element elementor-element-3400ef4\" data-id=\"3400ef4\" data-element_type=\"column\">\n\t\t\t<div class=\"elementor-widget-wrap elementor-element-populated\">\n\t\t\t\t\t\t<div class=\"elementor-element elementor-element-e3a8296 elementor-widget elementor-widget-image\" data-id=\"e3a8296\" data-element_type=\"widget\" data-widget_type=\"image.default\">\n\t\t\t\t<div class=\"elementor-widget-container\">\n\t\t\t\t\t\t\t\t\t\t\t\t\t\t<a href=\"\/es\/produtos\/torrador-laboratto\/\">\n\t\t\t\t\t\t\t<img decoding=\"async\" src=\"https:\/\/carmomaq.com.br\/wp-content\/uploads\/elementor\/thumbs\/laboratto-dtq-q99dgbpyydxtsca2he8i5w9yq5d457eu6hxa8nl868.jpg\" title=\"laboratto-dtq\" alt=\"laboratto-dtq\" loading=\"lazy\" \/>\t\t\t\t\t\t\t\t<\/a>\n\t\t\t\t\t\t\t\t\t\t\t\t\t<\/div>\n\t\t\t\t<\/div>\n\t\t\t\t\t<\/div>\n\t\t<\/div>\n\t\t\t\t\t<\/div>\n\t\t<\/section>\n\t\t\t\t<\/div>\n\t\t<\/div><div class=\"jet-listing-grid__item jet-listing-dynamic-post-69\" data-post-id=\"69\" >\t\t<div data-elementor-type=\"jet-listing-items\" data-elementor-id=\"1050\" class=\"elementor elementor-1050 elementor-679\" data-elementor-post-type=\"jet-engine\">\n\t\t\t\t\t\t<section class=\"has_eae_slider elementor-section elementor-top-section elementor-element elementor-element-f0600b8 elementor-section-boxed elementor-section-height-default elementor-section-height-default\" data-id=\"f0600b8\" data-element_type=\"section\" data-settings=\"{&quot;jet_parallax_layout_list&quot;:[]}\">\n\t\t\t\t\t\t<div class=\"elementor-container elementor-column-gap-default\">\n\t\t\t\t\t<div class=\"has_eae_slider elementor-column elementor-col-100 elementor-top-column elementor-element elementor-element-3400ef4\" data-id=\"3400ef4\" data-element_type=\"column\">\n\t\t\t<div class=\"elementor-widget-wrap elementor-element-populated\">\n\t\t\t\t\t\t<div class=\"elementor-element elementor-element-e3a8296 elementor-widget elementor-widget-image\" data-id=\"e3a8296\" data-element_type=\"widget\" data-widget_type=\"image.default\">\n\t\t\t\t<div class=\"elementor-widget-container\">\n\t\t\t\t\t\t\t\t\t\t\t\t\t\t<a href=\"\/es\/produtos\/torrador-speciatto\/\">\n\t\t\t\t\t\t\t<img decoding=\"async\" src=\"https:\/\/carmomaq.com.br\/wp-content\/uploads\/elementor\/thumbs\/speciatto-dtq-pyjh7ampe9ya1dza1btvxp2ppi9jb1l79843za0yao.jpg\" title=\"speciatto-dtq\" alt=\"speciatto-dtq\" loading=\"lazy\" \/>\t\t\t\t\t\t\t\t<\/a>\n\t\t\t\t\t\t\t\t\t\t\t\t\t<\/div>\n\t\t\t\t<\/div>\n\t\t\t\t\t<\/div>\n\t\t<\/div>\n\t\t\t\t\t<\/div>\n\t\t<\/section>\n\t\t\t\t<\/div>\n\t\t<\/div><div class=\"jet-listing-grid__item jet-listing-dynamic-post-63\" data-post-id=\"63\" >\t\t<div data-elementor-type=\"jet-listing-items\" data-elementor-id=\"1050\" class=\"elementor elementor-1050 elementor-679\" data-elementor-post-type=\"jet-engine\">\n\t\t\t\t\t\t<section class=\"has_eae_slider elementor-section elementor-top-section elementor-element elementor-element-f0600b8 elementor-section-boxed elementor-section-height-default elementor-section-height-default\" data-id=\"f0600b8\" data-element_type=\"section\" data-settings=\"{&quot;jet_parallax_layout_list&quot;:[]}\">\n\t\t\t\t\t\t<div class=\"elementor-container elementor-column-gap-default\">\n\t\t\t\t\t<div class=\"has_eae_slider elementor-column elementor-col-100 elementor-top-column elementor-element elementor-element-3400ef4\" data-id=\"3400ef4\" data-element_type=\"column\">\n\t\t\t<div class=\"elementor-widget-wrap elementor-element-populated\">\n\t\t\t\t\t\t<div class=\"elementor-element elementor-element-e3a8296 elementor-widget elementor-widget-image\" data-id=\"e3a8296\" data-element_type=\"widget\" data-widget_type=\"image.default\">\n\t\t\t\t<div class=\"elementor-widget-container\">\n\t\t\t\t\t\t\t\t\t\t\t\t\t\t<a href=\"\/es\/produtos\/torrador-caloratto\/\">\n\t\t\t\t\t\t\t<img decoding=\"async\" src=\"https:\/\/carmomaq.com.br\/wp-content\/uploads\/elementor\/thumbs\/caloratto-dtq-pyjh64byuqcdixopwbjobhqyz620onxa3er9dtro2o.jpg\" title=\"caloratto-dtq\" alt=\"caloratto-dtq\" loading=\"lazy\" \/>\t\t\t\t\t\t\t\t<\/a>\n\t\t\t\t\t\t\t\t\t\t\t\t\t<\/div>\n\t\t\t\t<\/div>\n\t\t\t\t\t<\/div>\n\t\t<\/div>\n\t\t\t\t\t<\/div>\n\t\t<\/section>\n\t\t\t\t<\/div>\n\t\t<\/div><div class=\"jet-listing-grid__item jet-listing-dynamic-post-73\" data-post-id=\"73\" >\t\t<div data-elementor-type=\"jet-listing-items\" data-elementor-id=\"1050\" class=\"elementor elementor-1050 elementor-679\" data-elementor-post-type=\"jet-engine\">\n\t\t\t\t\t\t<section class=\"has_eae_slider elementor-section elementor-top-section elementor-element elementor-element-f0600b8 elementor-section-boxed elementor-section-height-default elementor-section-height-default\" data-id=\"f0600b8\" data-element_type=\"section\" data-settings=\"{&quot;jet_parallax_layout_list&quot;:[]}\">\n\t\t\t\t\t\t<div class=\"elementor-container elementor-column-gap-default\">\n\t\t\t\t\t<div class=\"has_eae_slider elementor-column elementor-col-100 elementor-top-column elementor-element elementor-element-3400ef4\" data-id=\"3400ef4\" data-element_type=\"column\">\n\t\t\t<div class=\"elementor-widget-wrap elementor-element-populated\">\n\t\t\t\t\t\t<div class=\"elementor-element elementor-element-e3a8296 elementor-widget elementor-widget-image\" data-id=\"e3a8296\" data-element_type=\"widget\" data-widget_type=\"image.default\">\n\t\t\t\t<div class=\"elementor-widget-container\">\n\t\t\t\t\t\t\t\t\t\t\t\t\t\t<a href=\"\/es\/produtos\/torrador-superatto\/\">\n\t\t\t\t\t\t\t<img decoding=\"async\" src=\"https:\/\/carmomaq.com.br\/wp-content\/uploads\/elementor\/thumbs\/superatto-dtq-q99drkuerzces9xlrrcpik1mr7wbar35e73k2wwjog.jpg\" title=\"superatto-dtq\" alt=\"superatto-dtq\" loading=\"lazy\" \/>\t\t\t\t\t\t\t\t<\/a>\n\t\t\t\t\t\t\t\t\t\t\t\t\t<\/div>\n\t\t\t\t<\/div>\n\t\t\t\t\t<\/div>\n\t\t<\/div>\n\t\t\t\t\t<\/div>\n\t\t<\/section>\n\t\t\t\t<\/div>\n\t\t<\/div><div class=\"jet-listing-grid__item jet-listing-dynamic-post-103\" data-post-id=\"103\" >\t\t<div data-elementor-type=\"jet-listing-items\" data-elementor-id=\"1050\" class=\"elementor elementor-1050 elementor-679\" data-elementor-post-type=\"jet-engine\">\n\t\t\t\t\t\t<section class=\"has_eae_slider elementor-section elementor-top-section elementor-element elementor-element-f0600b8 elementor-section-boxed elementor-section-height-default elementor-section-height-default\" data-id=\"f0600b8\" data-element_type=\"section\" data-settings=\"{&quot;jet_parallax_layout_list&quot;:[]}\">\n\t\t\t\t\t\t<div class=\"elementor-container elementor-column-gap-default\">\n\t\t\t\t\t<div class=\"has_eae_slider elementor-column elementor-col-100 elementor-top-column elementor-element elementor-element-3400ef4\" data-id=\"3400ef4\" data-element_type=\"column\">\n\t\t\t<div class=\"elementor-widget-wrap elementor-element-populated\">\n\t\t\t\t\t\t<div class=\"elementor-element elementor-element-e3a8296 elementor-widget elementor-widget-image\" data-id=\"e3a8296\" data-element_type=\"widget\" data-widget_type=\"image.default\">\n\t\t\t\t<div class=\"elementor-widget-container\">\n\t\t\t\t\t\t\t\t\t\t\t\t\t\t<a href=\"https:\/\/carmomaq.com.br\/es\/produtos\/macinatto-molienda-y-empaque\/\">\n\t\t\t\t\t\t\t<img decoding=\"async\" src=\"https:\/\/carmomaq.com.br\/wp-content\/uploads\/elementor\/thumbs\/2020-qsim7hbckmvyi1gvhe4e9w8yapeqoeglz8r5qgytuo.jpg\" title=\"2020\" alt=\"2020\" loading=\"lazy\" \/>\t\t\t\t\t\t\t\t<\/a>\n\t\t\t\t\t\t\t\t\t\t\t\t\t<\/div>\n\t\t\t\t<\/div>\n\t\t\t\t\t<\/div>\n\t\t<\/div>\n\t\t\t\t\t<\/div>\n\t\t<\/section>\n\t\t\t\t<\/div>\n\t\t<\/div><div class=\"jet-listing-grid__item jet-listing-dynamic-post-104\" data-post-id=\"104\" >\t\t<div data-elementor-type=\"jet-listing-items\" data-elementor-id=\"1050\" class=\"elementor elementor-1050 elementor-679\" data-elementor-post-type=\"jet-engine\">\n\t\t\t\t\t\t<section class=\"has_eae_slider elementor-section elementor-top-section elementor-element elementor-element-f0600b8 elementor-section-boxed elementor-section-height-default elementor-section-height-default\" data-id=\"f0600b8\" data-element_type=\"section\" data-settings=\"{&quot;jet_parallax_layout_list&quot;:[]}\">\n\t\t\t\t\t\t<div class=\"elementor-container elementor-column-gap-default\">\n\t\t\t\t\t<div class=\"has_eae_slider elementor-column elementor-col-100 elementor-top-column elementor-element elementor-element-3400ef4\" data-id=\"3400ef4\" data-element_type=\"column\">\n\t\t\t<div class=\"elementor-widget-wrap elementor-element-populated\">\n\t\t\t\t\t\t<div class=\"elementor-element elementor-element-e3a8296 elementor-widget elementor-widget-image\" data-id=\"e3a8296\" data-element_type=\"widget\" data-widget_type=\"image.default\">\n\t\t\t\t<div class=\"elementor-widget-container\">\n\t\t\t\t\t\t\t\t\t\t\t\t\t\t<a href=\"https:\/\/carmomaq.com.br\/es\/produtos\/dosificadora-minoratto\/\">\n\t\t\t\t\t\t\t<img decoding=\"async\" src=\"https:\/\/carmomaq.com.br\/wp-content\/uploads\/elementor\/thumbs\/101010-qsim86ozp5up7ig0d73bn7uec3xng89d2qd9oxx76o.jpg\" title=\"101010\" alt=\"101010\" loading=\"lazy\" \/>\t\t\t\t\t\t\t\t<\/a>\n\t\t\t\t\t\t\t\t\t\t\t\t\t<\/div>\n\t\t\t\t<\/div>\n\t\t\t\t\t<\/div>\n\t\t<\/div>\n\t\t\t\t\t<\/div>\n\t\t<\/section>\n\t\t\t\t<\/div>\n\t\t<\/div><div class=\"jet-listing-grid__item jet-listing-dynamic-post-100\" data-post-id=\"100\" >\t\t<div data-elementor-type=\"jet-listing-items\" data-elementor-id=\"1050\" class=\"elementor elementor-1050 elementor-679\" data-elementor-post-type=\"jet-engine\">\n\t\t\t\t\t\t<section class=\"has_eae_slider elementor-section elementor-top-section elementor-element elementor-element-f0600b8 elementor-section-boxed elementor-section-height-default elementor-section-height-default\" data-id=\"f0600b8\" data-element_type=\"section\" data-settings=\"{&quot;jet_parallax_layout_list&quot;:[]}\">\n\t\t\t\t\t\t<div class=\"elementor-container elementor-column-gap-default\">\n\t\t\t\t\t<div class=\"has_eae_slider elementor-column elementor-col-100 elementor-top-column elementor-element elementor-element-3400ef4\" data-id=\"3400ef4\" data-element_type=\"column\">\n\t\t\t<div class=\"elementor-widget-wrap elementor-element-populated\">\n\t\t\t\t\t\t<div class=\"elementor-element elementor-element-e3a8296 elementor-widget elementor-widget-image\" data-id=\"e3a8296\" data-element_type=\"widget\" data-widget_type=\"image.default\">\n\t\t\t\t<div class=\"elementor-widget-container\">\n\t\t\t\t\t\t\t\t\t\t\t\t\t\t<a href=\"https:\/\/carmomaq.com.br\/es\/produtos\/dosificacion-exatto\/\">\n\t\t\t\t\t\t\t<img decoding=\"async\" src=\"https:\/\/carmomaq.com.br\/wp-content\/uploads\/elementor\/thumbs\/DSC0363_alta-RECORTADA-qylas9zf39n1j8kht4s14nwbl7t68pm8acejdlzm3k.jpg\" title=\"_DSC0363_alta &#8211; RECORTADA\" alt=\"_DSC0363_alta - RECORTADA\" loading=\"lazy\" \/>\t\t\t\t\t\t\t\t<\/a>\n\t\t\t\t\t\t\t\t\t\t\t\t\t<\/div>\n\t\t\t\t<\/div>\n\t\t\t\t\t<\/div>\n\t\t<\/div>\n\t\t\t\t\t<\/div>\n\t\t<\/section>\n\t\t\t\t<\/div>\n\t\t<\/div><\/div><\/div>\t\t<\/div>\n\t\t\t\t<\/div>\n\t\t\t\t\t<\/div>\n\t\t<\/div>\n\t\t\t\t\t<\/div>\n\t\t<\/section>\n\t\t\t\t<\/div>\n\t\t","protected":false},"excerpt":{"rendered":"","protected":false},"author":1,"featured_media":0,"parent":0,"menu_order":0,"comment_status":"closed","ping_status":"closed","template":"elementor_header_footer","meta":{"footnotes":""},"yoast_head":"<!-- This site is optimized with the Yoast SEO plugin v21.8 - https:\/\/yoast.com\/wordpress\/plugins\/seo\/ -->\n<title>L\u00ednea ATTO - Carmomaq<\/title>\n<meta name=\"robots\" content=\"index, follow, max-snippet:-1, max-image-preview:large, max-video-preview:-1\" \/>\n<link rel=\"canonical\" href=\"https:\/\/carmomaq.com.br\/es\/linea-atto\/\" \/>\n<meta property=\"og:locale\" content=\"es_ES\" \/>\n<meta property=\"og:type\" content=\"article\" \/>\n<meta property=\"og:title\" content=\"L\u00ednea ATTO - Carmomaq\" \/>\n<meta property=\"og:url\" content=\"https:\/\/carmomaq.com.br\/es\/linea-atto\/\" \/>\n<meta property=\"og:site_name\" content=\"Carmomaq\" \/>\n<meta property=\"article:publisher\" content=\"https:\/\/www.facebook.com\/carmomaq\" \/>\n<meta property=\"article:modified_time\" content=\"2023-07-12T19:14:43+00:00\" \/>\n<meta name=\"twitter:card\" content=\"summary_large_image\" \/>\n<meta name=\"twitter:label1\" content=\"Tiempo de lectura\" \/>\n\t<meta name=\"twitter:data1\" content=\"3 minutos\" \/>\n<script type=\"application\/ld+json\" class=\"yoast-schema-graph\">{\"@context\":\"https:\/\/schema.org\",\"@graph\":[{\"@type\":\"WebPage\",\"@id\":\"https:\/\/carmomaq.com.br\/es\/linea-atto\/\",\"url\":\"https:\/\/carmomaq.com.br\/es\/linea-atto\/\",\"name\":\"L\u00ednea ATTO - Carmomaq\",\"isPartOf\":{\"@id\":\"https:\/\/carmomaq.com.br\/#website\"},\"datePublished\":\"2020-12-01T14:57:11+00:00\",\"dateModified\":\"2023-07-12T19:14:43+00:00\",\"breadcrumb\":{\"@id\":\"https:\/\/carmomaq.com.br\/es\/linea-atto\/#breadcrumb\"},\"inLanguage\":\"es\",\"potentialAction\":[{\"@type\":\"ReadAction\",\"target\":[\"https:\/\/carmomaq.com.br\/es\/linea-atto\/\"]}]},{\"@type\":\"BreadcrumbList\",\"@id\":\"https:\/\/carmomaq.com.br\/es\/linea-atto\/#breadcrumb\",\"itemListElement\":[{\"@type\":\"ListItem\",\"position\":1,\"name\":\"Home\",\"item\":\"https:\/\/carmomaq.com.br\/es\/\"},{\"@type\":\"ListItem\",\"position\":2,\"name\":\"L\u00ednea ATTO\"}]},{\"@type\":\"WebSite\",\"@id\":\"https:\/\/carmomaq.com.br\/#website\",\"url\":\"https:\/\/carmomaq.com.br\/\",\"name\":\"Carmomaq - Torradores de caf\u00e9\",\"description\":\"Encontre o torrador ideal agora. Inova\u00e7\u00e3o e qualidade em um s\u00f3 nome. Compre Agora. Saiba Mais. Pe\u00e7a Or\u00e7amento. Descubra Mais. Experimente J\u00e1.\",\"publisher\":{\"@id\":\"https:\/\/carmomaq.com.br\/#organization\"},\"alternateName\":\"Carmomaq - Torradores\",\"potentialAction\":[{\"@type\":\"SearchAction\",\"target\":{\"@type\":\"EntryPoint\",\"urlTemplate\":\"https:\/\/carmomaq.com.br\/?s={search_term_string}\"},\"query-input\":\"required name=search_term_string\"}],\"inLanguage\":\"es\"},{\"@type\":\"Organization\",\"@id\":\"https:\/\/carmomaq.com.br\/#organization\",\"name\":\"Carmomaq - Torradores de caf\u00e9\",\"url\":\"https:\/\/carmomaq.com.br\/\",\"logo\":{\"@type\":\"ImageObject\",\"inLanguage\":\"es\",\"@id\":\"https:\/\/carmomaq.com.br\/#\/schema\/logo\/image\/\",\"url\":\"https:\/\/carmomaq.com.br\/wp-content\/uploads\/2020\/09\/logo-carmomaq-01.svg\",\"contentUrl\":\"https:\/\/carmomaq.com.br\/wp-content\/uploads\/2020\/09\/logo-carmomaq-01.svg\",\"caption\":\"Carmomaq - Torradores de caf\u00e9\"},\"image\":{\"@id\":\"https:\/\/carmomaq.com.br\/#\/schema\/logo\/image\/\"},\"sameAs\":[\"https:\/\/www.facebook.com\/carmomaq\",\"https:\/\/www.instagram.com\/carmomaq\/\"]}]}<\/script>\n<!-- \/ Yoast SEO plugin. -->","yoast_head_json":{"title":"L\u00ednea ATTO - Carmomaq","robots":{"index":"index","follow":"follow","max-snippet":"max-snippet:-1","max-image-preview":"max-image-preview:large","max-video-preview":"max-video-preview:-1"},"canonical":"https:\/\/carmomaq.com.br\/es\/linea-atto\/","og_locale":"es_ES","og_type":"article","og_title":"L\u00ednea ATTO - Carmomaq","og_url":"https:\/\/carmomaq.com.br\/es\/linea-atto\/","og_site_name":"Carmomaq","article_publisher":"https:\/\/www.facebook.com\/carmomaq","article_modified_time":"2023-07-12T19:14:43+00:00","twitter_card":"summary_large_image","twitter_misc":{"Tiempo de lectura":"3 minutos"},"schema":{"@context":"https:\/\/schema.org","@graph":[{"@type":"WebPage","@id":"https:\/\/carmomaq.com.br\/es\/linea-atto\/","url":"https:\/\/carmomaq.com.br\/es\/linea-atto\/","name":"L\u00ednea ATTO - Carmomaq","isPartOf":{"@id":"https:\/\/carmomaq.com.br\/#website"},"datePublished":"2020-12-01T14:57:11+00:00","dateModified":"2023-07-12T19:14:43+00:00","breadcrumb":{"@id":"https:\/\/carmomaq.com.br\/es\/linea-atto\/#breadcrumb"},"inLanguage":"es","potentialAction":[{"@type":"ReadAction","target":["https:\/\/carmomaq.com.br\/es\/linea-atto\/"]}]},{"@type":"BreadcrumbList","@id":"https:\/\/carmomaq.com.br\/es\/linea-atto\/#breadcrumb","itemListElement":[{"@type":"ListItem","position":1,"name":"Home","item":"https:\/\/carmomaq.com.br\/es\/"},{"@type":"ListItem","position":2,"name":"L\u00ednea ATTO"}]},{"@type":"WebSite","@id":"https:\/\/carmomaq.com.br\/#website","url":"https:\/\/carmomaq.com.br\/","name":"Carmomaq - Torradores de caf\u00e9","description":"Encontre o torrador ideal agora. Inova\u00e7\u00e3o e qualidade em um s\u00f3 nome. Compre Agora. Saiba Mais. Pe\u00e7a Or\u00e7amento. Descubra Mais. Experimente J\u00e1.","publisher":{"@id":"https:\/\/carmomaq.com.br\/#organization"},"alternateName":"Carmomaq - Torradores","potentialAction":[{"@type":"SearchAction","target":{"@type":"EntryPoint","urlTemplate":"https:\/\/carmomaq.com.br\/?s={search_term_string}"},"query-input":"required name=search_term_string"}],"inLanguage":"es"},{"@type":"Organization","@id":"https:\/\/carmomaq.com.br\/#organization","name":"Carmomaq - Torradores de caf\u00e9","url":"https:\/\/carmomaq.com.br\/","logo":{"@type":"ImageObject","inLanguage":"es","@id":"https:\/\/carmomaq.com.br\/#\/schema\/logo\/image\/","url":"https:\/\/carmomaq.com.br\/wp-content\/uploads\/2020\/09\/logo-carmomaq-01.svg","contentUrl":"https:\/\/carmomaq.com.br\/wp-content\/uploads\/2020\/09\/logo-carmomaq-01.svg","caption":"Carmomaq - Torradores de caf\u00e9"},"image":{"@id":"https:\/\/carmomaq.com.br\/#\/schema\/logo\/image\/"},"sameAs":["https:\/\/www.facebook.com\/carmomaq","https:\/\/www.instagram.com\/carmomaq\/"]}]}},"_links":{"self":[{"href":"https:\/\/carmomaq.com.br\/es\/wp-json\/wp\/v2\/pages\/1036"}],"collection":[{"href":"https:\/\/carmomaq.com.br\/es\/wp-json\/wp\/v2\/pages"}],"about":[{"href":"https:\/\/carmomaq.com.br\/es\/wp-json\/wp\/v2\/types\/page"}],"author":[{"embeddable":true,"href":"https:\/\/carmomaq.com.br\/es\/wp-json\/wp\/v2\/users\/1"}],"replies":[{"embeddable":true,"href":"https:\/\/carmomaq.com.br\/es\/wp-json\/wp\/v2\/comments?post=1036"}],"version-history":[{"count":0,"href":"https:\/\/carmomaq.com.br\/es\/wp-json\/wp\/v2\/pages\/1036\/revisions"}],"wp:attachment":[{"href":"https:\/\/carmomaq.com.br\/es\/wp-json\/wp\/v2\/media?parent=1036"}],"curies":[{"name":"wp","href":"https:\/\/api.w.org\/{rel}","templated":true}]}}